{"id":237,"date":"2021-12-10T14:03:52","date_gmt":"2021-12-10T14:03:52","guid":{"rendered":"https:\/\/clinicasanjorge.panalsoft.com\/?page_id=237"},"modified":"2023-03-06T10:53:58","modified_gmt":"2023-03-06T13:53:58","slug":"responsabilidad-social-empresaria-rse","status":"publish","type":"page","link":"https:\/\/www.sanatoriosanjorge.com.ar\/wordpress\/responsabilidad-social-empresaria-rse\/","title":{"rendered":"Nuestra relaci\u00f3n con la comunidad"},"content":{"rendered":"\n<div class=\"wp-block-cover alignfull is-light\" style=\"min-height:250px;aspect-ratio:unset;\"><span aria-hidden=\"true\" class=\"wp-block-cover__background has-background-dim-0 has-background-dim\"><\/span><img data-recalc-dims=\"1\" loading=\"lazy\" decoding=\"async\" width=\"2560\" height=\"1707\" class=\"wp-block-cover__image-background wp-image-255\" alt=\"\" src=\"https:\/\/i0.wp.com\/www.sanatoriosanjorge.com.ar\/wordpress\/wp-content\/uploads\/2021\/12\/attractive-male-doctor-show-heart-sign-with-hands-isolated-on-white-wall-scaled-1.jpeg?resize=2560%2C1707&#038;ssl=1\" style=\"object-position:50% 64%\" data-object-fit=\"cover\" data-object-position=\"50% 64%\"\/><div class=\"wp-block-cover__inner-container is-layout-flow wp-block-cover-is-layout-flow\">\n<p class=\"has-text-align-center has-black-color has-text-color has-huge-font-size\">Nuestra relaci\u00f3n con la comunidad<\/p>\n<\/div><\/div>\n\n\n\n<div id=\"comunidad-facebook\">\n\n<\/div>\n\n  <script src=\"https:\/\/www.sanatoriosanjorge.com.ar\/wordpress\/wp-content\/themes\/clinica-san-jorge-wp-theme\/static\/comunidad-facebook.js?2024-10-04-10-07\"><\/script>\n\n","protected":false},"excerpt":{"rendered":"","protected":false},"author":1,"featured_media":0,"parent":0,"menu_order":0,"comment_status":"closed","ping_status":"closed","template":"page_no-title.php","meta":{"_uag_custom_page_level_css":"","footnotes":""},"class_list":["post-237","page","type-page","status-publish","hentry"],"yoast_head":"<!-- This site is optimized with the Yoast SEO plugin v27.5 - https:\/\/yoast.com\/product\/yoast-seo-wordpress\/ -->\n<title>Nuestra relaci\u00f3n con la comunidad - Cl\u00ednica San Jorge<\/title>\n<meta name=\"robots\" content=\"index, follow, max-snippet:-1, max-image-preview:large, max-video-preview:-1\" \/>\n<link rel=\"canonical\" href=\"https:\/\/www.sanatoriosanjorge.com.ar\/wordpress\/responsabilidad-social-empresaria-rse\/\" \/>\n<meta property=\"og:locale\" content=\"es_ES\" \/>\n<meta property=\"og:type\" content=\"article\" \/>\n<meta property=\"og:title\" content=\"Nuestra relaci\u00f3n con la comunidad - Cl\u00ednica San Jorge\" \/>\n<meta property=\"og:url\" content=\"https:\/\/www.sanatoriosanjorge.com.ar\/wordpress\/responsabilidad-social-empresaria-rse\/\" \/>\n<meta property=\"og:site_name\" content=\"Cl\u00ednica San Jorge\" \/>\n<meta property=\"article:publisher\" content=\"https:\/\/www.facebook.com\/clinica.sanjorge\" \/>\n<meta property=\"article:modified_time\" content=\"2023-03-06T13:53:58+00:00\" \/>\n<meta property=\"og:image\" content=\"http:\/\/200.5.125.147:58080\/wordpress\/wp-content\/uploads\/2021\/12\/attractive-male-doctor-show-heart-sign-with-hands-isolated-on-white-wall-scaled-1.jpeg\" \/>\n<meta name=\"twitter:card\" content=\"summary_large_image\" \/>\n<script type=\"application\/ld+json\" class=\"yoast-schema-graph\">{\"@context\":\"https:\\\/\\\/schema.org\",\"@graph\":[{\"@type\":\"WebPage\",\"@id\":\"https:\\\/\\\/www.sanatoriosanjorge.com.ar\\\/wordpress\\\/responsabilidad-social-empresaria-rse\\\/\",\"url\":\"https:\\\/\\\/www.sanatoriosanjorge.com.ar\\\/wordpress\\\/responsabilidad-social-empresaria-rse\\\/\",\"name\":\"Nuestra relaci\u00f3n con la comunidad - Cl\u00ednica San Jorge\",\"isPartOf\":{\"@id\":\"https:\\\/\\\/www.sanatoriosanjorge.com.ar\\\/wordpress\\\/#website\"},\"primaryImageOfPage\":{\"@id\":\"https:\\\/\\\/www.sanatoriosanjorge.com.ar\\\/wordpress\\\/responsabilidad-social-empresaria-rse\\\/#primaryimage\"},\"image\":{\"@id\":\"https:\\\/\\\/www.sanatoriosanjorge.com.ar\\\/wordpress\\\/responsabilidad-social-empresaria-rse\\\/#primaryimage\"},\"thumbnailUrl\":\"https:\\\/\\\/www.sanatoriosanjorge.com.ar\\\/wordpress\\\/wp-content\\\/uploads\\\/2021\\\/12\\\/attractive-male-doctor-show-heart-sign-with-hands-isolated-on-white-wall-scaled-1.jpeg\",\"datePublished\":\"2021-12-10T14:03:52+00:00\",\"dateModified\":\"2023-03-06T13:53:58+00:00\",\"breadcrumb\":{\"@id\":\"https:\\\/\\\/www.sanatoriosanjorge.com.ar\\\/wordpress\\\/responsabilidad-social-empresaria-rse\\\/#breadcrumb\"},\"inLanguage\":\"es-AR\",\"potentialAction\":[{\"@type\":\"ReadAction\",\"target\":[\"https:\\\/\\\/www.sanatoriosanjorge.com.ar\\\/wordpress\\\/responsabilidad-social-empresaria-rse\\\/\"]}]},{\"@type\":\"ImageObject\",\"inLanguage\":\"es-AR\",\"@id\":\"https:\\\/\\\/www.sanatoriosanjorge.com.ar\\\/wordpress\\\/responsabilidad-social-empresaria-rse\\\/#primaryimage\",\"url\":\"https:\\\/\\\/i0.wp.com\\\/www.sanatoriosanjorge.com.ar\\\/wordpress\\\/wp-content\\\/uploads\\\/2021\\\/12\\\/attractive-male-doctor-show-heart-sign-with-hands-isolated-on-white-wall-scaled-1.jpeg?fit=2560%2C1707&ssl=1\",\"contentUrl\":\"https:\\\/\\\/i0.wp.com\\\/www.sanatoriosanjorge.com.ar\\\/wordpress\\\/wp-content\\\/uploads\\\/2021\\\/12\\\/attractive-male-doctor-show-heart-sign-with-hands-isolated-on-white-wall-scaled-1.jpeg?fit=2560%2C1707&ssl=1\",\"width\":2560,\"height\":1707,\"caption\":\"Attractive male doctor show heart sign with hands isolated on white background, model is a caucasian man\"},{\"@type\":\"BreadcrumbList\",\"@id\":\"https:\\\/\\\/www.sanatoriosanjorge.com.ar\\\/wordpress\\\/responsabilidad-social-empresaria-rse\\\/#breadcrumb\",\"itemListElement\":[{\"@type\":\"ListItem\",\"position\":1,\"name\":\"Inicio\",\"item\":\"https:\\\/\\\/www.sanatoriosanjorge.com.ar\\\/wordpress\\\/\"},{\"@type\":\"ListItem\",\"position\":2,\"name\":\"Nuestra relaci\u00f3n con la comunidad\"}]},{\"@type\":\"WebSite\",\"@id\":\"https:\\\/\\\/www.sanatoriosanjorge.com.ar\\\/wordpress\\\/#website\",\"url\":\"https:\\\/\\\/www.sanatoriosanjorge.com.ar\\\/wordpress\\\/\",\"name\":\"Cl\u00ednica San Jorge\",\"description\":\"Sitio oficial de la Cl\u00ednica San Jorge\",\"publisher\":{\"@id\":\"https:\\\/\\\/www.sanatoriosanjorge.com.ar\\\/wordpress\\\/#organization\"},\"potentialAction\":[{\"@type\":\"SearchAction\",\"target\":{\"@type\":\"EntryPoint\",\"urlTemplate\":\"https:\\\/\\\/www.sanatoriosanjorge.com.ar\\\/wordpress\\\/?s={search_term_string}\"},\"query-input\":{\"@type\":\"PropertyValueSpecification\",\"valueRequired\":true,\"valueName\":\"search_term_string\"}}],\"inLanguage\":\"es-AR\"},{\"@type\":\"Organization\",\"@id\":\"https:\\\/\\\/www.sanatoriosanjorge.com.ar\\\/wordpress\\\/#organization\",\"name\":\"Cl\u00ednica San Jorge\",\"url\":\"https:\\\/\\\/www.sanatoriosanjorge.com.ar\\\/wordpress\\\/\",\"logo\":{\"@type\":\"ImageObject\",\"inLanguage\":\"es-AR\",\"@id\":\"https:\\\/\\\/www.sanatoriosanjorge.com.ar\\\/wordpress\\\/#\\\/schema\\\/logo\\\/image\\\/\",\"url\":\"https:\\\/\\\/www.sanatoriosanjorge.com.ar\\\/wordpress\\\/wp-content\\\/uploads\\\/2023\\\/03\\\/csj-logo-color.svg\",\"contentUrl\":\"https:\\\/\\\/www.sanatoriosanjorge.com.ar\\\/wordpress\\\/wp-content\\\/uploads\\\/2023\\\/03\\\/csj-logo-color.svg\",\"width\":1,\"height\":1,\"caption\":\"Cl\u00ednica San Jorge\"},\"image\":{\"@id\":\"https:\\\/\\\/www.sanatoriosanjorge.com.ar\\\/wordpress\\\/#\\\/schema\\\/logo\\\/image\\\/\"},\"sameAs\":[\"https:\\\/\\\/www.facebook.com\\\/clinica.sanjorge\"]}]}<\/script>\n<!-- \/ Yoast SEO plugin. -->","yoast_head_json":{"title":"Nuestra relaci\u00f3n con la comunidad - Cl\u00ednica San Jorge","robots":{"index":"index","follow":"follow","max-snippet":"max-snippet:-1","max-image-preview":"max-image-preview:large","max-video-preview":"max-video-preview:-1"},"canonical":"https:\/\/www.sanatoriosanjorge.com.ar\/wordpress\/responsabilidad-social-empresaria-rse\/","og_locale":"es_ES","og_type":"article","og_title":"Nuestra relaci\u00f3n con la comunidad - Cl\u00ednica San Jorge","og_url":"https:\/\/www.sanatoriosanjorge.com.ar\/wordpress\/responsabilidad-social-empresaria-rse\/","og_site_name":"Cl\u00ednica San Jorge","article_publisher":"https:\/\/www.facebook.com\/clinica.sanjorge","article_modified_time":"2023-03-06T13:53:58+00:00","og_image":[{"url":"http:\/\/200.5.125.147:58080\/wordpress\/wp-content\/uploads\/2021\/12\/attractive-male-doctor-show-heart-sign-with-hands-isolated-on-white-wall-scaled-1.jpeg","type":"","width":"","height":""}],"twitter_card":"summary_large_image","schema":{"@context":"https:\/\/schema.org","@graph":[{"@type":"WebPage","@id":"https:\/\/www.sanatoriosanjorge.com.ar\/wordpress\/responsabilidad-social-empresaria-rse\/","url":"https:\/\/www.sanatoriosanjorge.com.ar\/wordpress\/responsabilidad-social-empresaria-rse\/","name":"Nuestra relaci\u00f3n con la comunidad - Cl\u00ednica San Jorge","isPartOf":{"@id":"https:\/\/www.sanatoriosanjorge.com.ar\/wordpress\/#website"},"primaryImageOfPage":{"@id":"https:\/\/www.sanatoriosanjorge.com.ar\/wordpress\/responsabilidad-social-empresaria-rse\/#primaryimage"},"image":{"@id":"https:\/\/www.sanatoriosanjorge.com.ar\/wordpress\/responsabilidad-social-empresaria-rse\/#primaryimage"},"thumbnailUrl":"https:\/\/www.sanatoriosanjorge.com.ar\/wordpress\/wp-content\/uploads\/2021\/12\/attractive-male-doctor-show-heart-sign-with-hands-isolated-on-white-wall-scaled-1.jpeg","datePublished":"2021-12-10T14:03:52+00:00","dateModified":"2023-03-06T13:53:58+00:00","breadcrumb":{"@id":"https:\/\/www.sanatoriosanjorge.com.ar\/wordpress\/responsabilidad-social-empresaria-rse\/#breadcrumb"},"inLanguage":"es-AR","potentialAction":[{"@type":"ReadAction","target":["https:\/\/www.sanatoriosanjorge.com.ar\/wordpress\/responsabilidad-social-empresaria-rse\/"]}]},{"@type":"ImageObject","inLanguage":"es-AR","@id":"https:\/\/www.sanatoriosanjorge.com.ar\/wordpress\/responsabilidad-social-empresaria-rse\/#primaryimage","url":"https:\/\/i0.wp.com\/www.sanatoriosanjorge.com.ar\/wordpress\/wp-content\/uploads\/2021\/12\/attractive-male-doctor-show-heart-sign-with-hands-isolated-on-white-wall-scaled-1.jpeg?fit=2560%2C1707&ssl=1","contentUrl":"https:\/\/i0.wp.com\/www.sanatoriosanjorge.com.ar\/wordpress\/wp-content\/uploads\/2021\/12\/attractive-male-doctor-show-heart-sign-with-hands-isolated-on-white-wall-scaled-1.jpeg?fit=2560%2C1707&ssl=1","width":2560,"height":1707,"caption":"Attractive male doctor show heart sign with hands isolated on white background, model is a caucasian man"},{"@type":"BreadcrumbList","@id":"https:\/\/www.sanatoriosanjorge.com.ar\/wordpress\/responsabilidad-social-empresaria-rse\/#breadcrumb","itemListElement":[{"@type":"ListItem","position":1,"name":"Inicio","item":"https:\/\/www.sanatoriosanjorge.com.ar\/wordpress\/"},{"@type":"ListItem","position":2,"name":"Nuestra relaci\u00f3n con la comunidad"}]},{"@type":"WebSite","@id":"https:\/\/www.sanatoriosanjorge.com.ar\/wordpress\/#website","url":"https:\/\/www.sanatoriosanjorge.com.ar\/wordpress\/","name":"Cl\u00ednica San Jorge","description":"Sitio oficial de la Cl\u00ednica San Jorge","publisher":{"@id":"https:\/\/www.sanatoriosanjorge.com.ar\/wordpress\/#organization"},"potentialAction":[{"@type":"SearchAction","target":{"@type":"EntryPoint","urlTemplate":"https:\/\/www.sanatoriosanjorge.com.ar\/wordpress\/?s={search_term_string}"},"query-input":{"@type":"PropertyValueSpecification","valueRequired":true,"valueName":"search_term_string"}}],"inLanguage":"es-AR"},{"@type":"Organization","@id":"https:\/\/www.sanatoriosanjorge.com.ar\/wordpress\/#organization","name":"Cl\u00ednica San Jorge","url":"https:\/\/www.sanatoriosanjorge.com.ar\/wordpress\/","logo":{"@type":"ImageObject","inLanguage":"es-AR","@id":"https:\/\/www.sanatoriosanjorge.com.ar\/wordpress\/#\/schema\/logo\/image\/","url":"https:\/\/www.sanatoriosanjorge.com.ar\/wordpress\/wp-content\/uploads\/2023\/03\/csj-logo-color.svg","contentUrl":"https:\/\/www.sanatoriosanjorge.com.ar\/wordpress\/wp-content\/uploads\/2023\/03\/csj-logo-color.svg","width":1,"height":1,"caption":"Cl\u00ednica San Jorge"},"image":{"@id":"https:\/\/www.sanatoriosanjorge.com.ar\/wordpress\/#\/schema\/logo\/image\/"},"sameAs":["https:\/\/www.facebook.com\/clinica.sanjorge"]}]}},"uagb_featured_image_src":{"full":false,"thumbnail":false,"medium":false,"medium_large":false,"large":false,"1536x1536":false,"2048x2048":false},"uagb_author_info":{"display_name":"panalsoft","author_link":"https:\/\/www.sanatoriosanjorge.com.ar\/wordpress\/author\/panalsoft\/"},"uagb_comment_info":0,"uagb_excerpt":null,"jetpack-related-posts":[{"id":131,"url":"https:\/\/www.sanatoriosanjorge.com.ar\/wordpress\/institucional\/","url_meta":{"origin":237,"position":0},"title":"Informaci\u00f3n Institucional","author":"panalsoft","date":"8 diciembre, 2021","format":false,"excerpt":"Medicina de avanzada, cerca tuyo Somos una instituci\u00f3n de salud de Tierra del Fuego con la misi\u00f3n de brindar la mejor atenci\u00f3n sanitaria a la comunidad fueguina. Nacimos como el proyecto de una familia de m\u00e9dicos que so\u00f1aba llevar atenci\u00f3n m\u00e9dica de calidad al fin del mundo. Y hoy, 46\u2026","rel":"","context":"Entrada similar ","block_context":{"text":"Entrada similar ","link":""},"img":{"alt_text":"","src":"","width":0,"height":0},"classes":[]},{"id":381,"url":"https:\/\/www.sanatoriosanjorge.com.ar\/wordpress\/home\/","url_meta":{"origin":237,"position":1},"title":"Home","author":"panalsoft","date":"14 diciembre, 2021","format":false,"excerpt":"Solicit\u00e1 un turno Ped\u00ed tu historia cl\u00ednica Resultados de laboratorio Gu\u00eda para internaciones Estudios programados Staff m\u00e9dico Conoc\u00e9 a nuestro equipo de profesionales En el \u00e1rea m\u00e9dica ejercen profesionales de destacada trayectoria en el \u00e1mbito local, que realizan capacitaciones y actualizaciones acad\u00e9micas permanentemente. Adem\u00e1s, Cl\u00ednica San Jorge cuenta con un\u2026","rel":"","context":"Entrada similar ","block_context":{"text":"Entrada similar ","link":""},"img":{"alt_text":"","src":"https:\/\/i0.wp.com\/www.sanatoriosanjorge.com.ar\/wordpress\/wp-content\/uploads\/2021\/12\/DSC_0065-scaled-1.jpg?resize=350%2C200&ssl=1","width":350,"height":200,"srcset":"https:\/\/i0.wp.com\/www.sanatoriosanjorge.com.ar\/wordpress\/wp-content\/uploads\/2021\/12\/DSC_0065-scaled-1.jpg?resize=350%2C200&ssl=1 1x, https:\/\/i0.wp.com\/www.sanatoriosanjorge.com.ar\/wordpress\/wp-content\/uploads\/2021\/12\/DSC_0065-scaled-1.jpg?resize=525%2C300&ssl=1 1.5x, https:\/\/i0.wp.com\/www.sanatoriosanjorge.com.ar\/wordpress\/wp-content\/uploads\/2021\/12\/DSC_0065-scaled-1.jpg?resize=700%2C400&ssl=1 2x, https:\/\/i0.wp.com\/www.sanatoriosanjorge.com.ar\/wordpress\/wp-content\/uploads\/2021\/12\/DSC_0065-scaled-1.jpg?resize=1050%2C600&ssl=1 3x, https:\/\/i0.wp.com\/www.sanatoriosanjorge.com.ar\/wordpress\/wp-content\/uploads\/2021\/12\/DSC_0065-scaled-1.jpg?resize=1400%2C800&ssl=1 4x"},"classes":[]},{"id":2,"url":"https:\/\/www.sanatoriosanjorge.com.ar\/wordpress\/pagina-ejemplo\/","url_meta":{"origin":237,"position":2},"title":"P\u00e1gina de ejemplo","author":"panalsoft","date":"4 abril, 2022","format":false,"excerpt":"Esta es una p\u00e1gina de ejemplo, es diferente de una entrada porque se va a quedar en un solo lugar y va a aparecer en la navegaci\u00f3n de tu sitio (en la mayor\u00eda de los temas). Muchas gente empieza con una p\u00e1gina del tipo \"Sobre M\u00ed\", que los introduce a\u2026","rel":"","context":"Entrada similar ","block_context":{"text":"Entrada similar ","link":""},"img":{"alt_text":"","src":"","width":0,"height":0},"classes":[]},{"id":209,"url":"https:\/\/www.sanatoriosanjorge.com.ar\/wordpress\/servicio-de-neurofisiologia\/","url_meta":{"origin":237,"position":3},"title":"Servicio de neurofisiolog\u00eda","author":"panalsoft","date":"9 diciembre, 2021","format":false,"excerpt":"Servicio de neurofisiolog\u00eda La neurofisiolog\u00eda consiste en el estudio de las propiedades el\u00e9ctricas de los nervios perif\u00e9ricos (sistema nervioso perif\u00e9rico) y de el cerebro y estructuras centrales del sistema nervioso como el tronco cerebral y la m\u00e9dula espinal (Sistema nervioso central). Estas estructuras mencionadas, debido a la alta organizaci\u00f3n funcional\u2026","rel":"","context":"Entrada similar ","block_context":{"text":"Entrada similar ","link":""},"img":{"alt_text":"","src":"","width":0,"height":0},"classes":[]},{"id":512,"url":"https:\/\/www.sanatoriosanjorge.com.ar\/wordpress\/indicaciones-para-estudios-programados\/","url_meta":{"origin":237,"position":4},"title":"Reglamento de internaci\u00f3n","author":"panalsoft","date":"16 febrero, 2022","format":false,"excerpt":"Gu\u00eda para internaciones Reglamento de internaci\u00f3n Si est\u00e1s por vivir la experiencia de una internaci\u00f3n, te invitamos a leer estas recomendaciones para facilitarte la estad\u00eda en el Sanatorio. Tr\u00e1mites a seguir 1) Una vez definida con tu m\u00e9dico la fecha de cirug\u00eda, deber\u00e1s dirigirte a la oficina de Admisi\u00f3n de\u2026","rel":"","context":"Entrada similar ","block_context":{"text":"Entrada similar ","link":""},"img":{"alt_text":"","src":"","width":0,"height":0},"classes":[]},{"id":592,"url":"https:\/\/www.sanatoriosanjorge.com.ar\/wordpress\/estudios-programados\/","url_meta":{"origin":237,"position":5},"title":"Estudios programados","author":"panalsoft","date":"24 febrero, 2022","format":false,"excerpt":"Estudios programados Polisomnograf\u00eda Electroencefalograma Laboratorio Diagn\u00f3stico por im\u00e1genes Fonoaudiolog\u00eda Polisomnograf\u00eda Es un estudio de sue\u00f1o que sirve para evaluar la calidad y cantidad del sue\u00f1o, y diagnosticar problemas como insomnio, apnea obstructiva del sue\u00f1o, depresi\u00f3n y sonambulismo entre otros. Preparaci\u00f3n El estudio se realiza durante la noche mientras el paciente\u2026","rel":"","context":"Entrada similar ","block_context":{"text":"Entrada similar ","link":""},"img":{"alt_text":"","src":"","width":0,"height":0},"classes":[]}],"jetpack_sharing_enabled":true,"_links":{"self":[{"href":"https:\/\/www.sanatoriosanjorge.com.ar\/wordpress\/wp-json\/wp\/v2\/pages\/237","targetHints":{"allow":["GET"]}}],"collection":[{"href":"https:\/\/www.sanatoriosanjorge.com.ar\/wordpress\/wp-json\/wp\/v2\/pages"}],"about":[{"href":"https:\/\/www.sanatoriosanjorge.com.ar\/wordpress\/wp-json\/wp\/v2\/types\/page"}],"author":[{"embeddable":true,"href":"https:\/\/www.sanatoriosanjorge.com.ar\/wordpress\/wp-json\/wp\/v2\/users\/1"}],"replies":[{"embeddable":true,"href":"https:\/\/www.sanatoriosanjorge.com.ar\/wordpress\/wp-json\/wp\/v2\/comments?post=237"}],"version-history":[{"count":5,"href":"https:\/\/www.sanatoriosanjorge.com.ar\/wordpress\/wp-json\/wp\/v2\/pages\/237\/revisions"}],"predecessor-version":[{"id":1098,"href":"https:\/\/www.sanatoriosanjorge.com.ar\/wordpress\/wp-json\/wp\/v2\/pages\/237\/revisions\/1098"}],"wp:attachment":[{"href":"https:\/\/www.sanatoriosanjorge.com.ar\/wordpress\/wp-json\/wp\/v2\/media?parent=237"}],"curies":[{"name":"wp","href":"https:\/\/api.w.org\/{rel}","templated":true}]}}