{"id":205,"date":"2021-12-09T13:40:58","date_gmt":"2021-12-09T13:40:58","guid":{"rendered":"https:\/\/clinicasanjorge.panalsoft.com\/?page_id=205"},"modified":"2025-05-29T11:48:10","modified_gmt":"2025-05-29T14:48:10","slug":"solicite-su-historia-clinica","status":"publish","type":"page","link":"https:\/\/www.sanatoriosanjorge.com.ar\/wordpress\/solicite-su-historia-clinica\/","title":{"rendered":"Solicite su historia cl\u00ednica"},"content":{"rendered":"\n<div class=\"wp-block-cover alignfull is-light\" style=\"min-height:250px;aspect-ratio:unset;\"><img data-recalc-dims=\"1\" loading=\"lazy\" decoding=\"async\" width=\"2560\" height=\"1707\" class=\"wp-block-cover__image-background wp-image-207\" alt=\"\" src=\"https:\/\/i0.wp.com\/www.sanatoriosanjorge.com.ar\/wordpress\/wp-content\/uploads\/2021\/12\/medical-physician-doctor-man-scaled-1.jpeg?resize=2560%2C1707&#038;ssl=1\" data-object-fit=\"cover\"\/><span aria-hidden=\"true\" class=\"wp-block-cover__background has-background-dim\"><\/span><div class=\"wp-block-cover__inner-container is-layout-flow wp-block-cover-is-layout-flow\">\n<p class=\"has-text-align-center has-white-color has-text-color has-huge-font-size\">Historia cl\u00ednica<\/p>\n<\/div><\/div>\n\n\n\n<p>Si necesit\u00e1s una copia de tu Historia Cl\u00ednica, ahora el proceso es m\u00e1s simple:<\/p>\n\n\n\n<p>Solo tiene que enviar un correo electr\u00f3nico a:<br><a href=\"mailto:contacto@sanatoriosanjorge.com.ar\">contacto@sanatoriosanjorge.com.ar<\/a><\/p>\n\n\n\n<p>En el correo, incluya:<\/p>\n\n\n\n<ol class=\"wp-block-list\">\n<li><strong>Nombre y apellido del paciente<\/strong><\/li>\n\n\n\n<li><strong>DNI del paciente (ambos lados, escaneado o foto legible, en archivo adjunto)<\/strong><\/li>\n\n\n\n<li><strong>Tel\u00e9fono de contacto<\/strong><\/li>\n\n\n\n<li><strong>Detalle del per\u00edodo de internaci\u00f3n o atenci\u00f3n que desea solicitar<\/strong><\/li>\n<\/ol>\n\n\n\n<h2 class=\"wp-block-heading\" id=\"consideraciones-importantes\">Consideraciones importantes<\/h2>\n\n\n\n<div class=\"wp-block-uagb-icon-list uagb-block-fa2b113a uagb-icon-list__outer-wrap uagb-icon-list__layout-vertical\"><div class=\"uagb-icon-list__wrap\">\n<div class=\"wp-block-uagb-icon-list-child uagb-block-a4cd9269 uagb-icon-list-repeater uagb-icon-list__wrapper\"><span class=\"uagb-icon-list__source-wrap\"><svg xmlns=\"https:\/\/www.w3.org\/2000\/svg\" viewBox=\"0 0 512 512\"><path d=\"M256 0C114.6 0 0 114.6 0 256c0 141.4 114.6 256 256 256s256-114.6 256-256C512 114.6 397.4 0 256 0zM406.6 278.6l-103.1 103.1c-12.5 12.5-32.75 12.5-45.25 0s-12.5-32.75 0-45.25L306.8 288H128C110.3 288 96 273.7 96 256s14.31-32 32-32h178.8l-49.38-49.38c-12.5-12.5-12.5-32.75 0-45.25s32.75-12.5 45.25 0l103.1 103.1C414.6 241.3 416 251.1 416 256C416 260.9 414.6 270.7 406.6 278.6z\"><\/path><\/svg><\/span><span class=\"uagb-icon-list__label\">El tr\u00e1mite es personal: asist\u00ed con tu DNI. Solo est\u00e1n autorizados a gestionar historias cl\u00ednicas de terceras personas, los apoderados legales mediante presentaci\u00f3n del poder correspondiente.<\/span><\/div>\n\n\n\n<div class=\"wp-block-uagb-icon-list-child uagb-block-ddfbaa36 uagb-icon-list-repeater uagb-icon-list__wrapper\"><span class=\"uagb-icon-list__source-wrap\"><svg xmlns=\"https:\/\/www.w3.org\/2000\/svg\" viewBox=\"0 0 512 512\"><path d=\"M256 0C114.6 0 0 114.6 0 256c0 141.4 114.6 256 256 256s256-114.6 256-256C512 114.6 397.4 0 256 0zM406.6 278.6l-103.1 103.1c-12.5 12.5-32.75 12.5-45.25 0s-12.5-32.75 0-45.25L306.8 288H128C110.3 288 96 273.7 96 256s14.31-32 32-32h178.8l-49.38-49.38c-12.5-12.5-12.5-32.75 0-45.25s32.75-12.5 45.25 0l103.1 103.1C414.6 241.3 416 251.1 416 256C416 260.9 414.6 270.7 406.6 278.6z\"><\/path><\/svg><\/span><span class=\"uagb-icon-list__label\">Si se trata de un menor de edad, el tramite solo podr\u00e1 ser realizado por los padres o tutores legales, presentando documentaci\u00f3n respaldatoria (DNI de quien tramita, DNI del menor, partida de nacimiento, copia del acta de designaci\u00f3n de la tutela).<\/span><\/div>\n\n\n\n<div class=\"wp-block-uagb-icon-list-child uagb-block-1d2c5298 uagb-icon-list-repeater uagb-icon-list__wrapper\"><span class=\"uagb-icon-list__source-wrap\"><svg xmlns=\"https:\/\/www.w3.org\/2000\/svg\" viewBox=\"0 0 512 512\"><path d=\"M256 0C114.6 0 0 114.6 0 256c0 141.4 114.6 256 256 256s256-114.6 256-256C512 114.6 397.4 0 256 0zM406.6 278.6l-103.1 103.1c-12.5 12.5-32.75 12.5-45.25 0s-12.5-32.75 0-45.25L306.8 288H128C110.3 288 96 273.7 96 256s14.31-32 32-32h178.8l-49.38-49.38c-12.5-12.5-12.5-32.75 0-45.25s32.75-12.5 45.25 0l103.1 103.1C414.6 241.3 416 251.1 416 256C416 260.9 414.6 270.7 406.6 278.6z\"><\/path><\/svg><\/span><span class=\"uagb-icon-list__label\">Si se trata de personas incapacitadas transitoriamente o que se encuentren cursando una internaci\u00f3n, el tr\u00e1mite lo podr\u00e1 realizar un familiar. El mismo, deber\u00e1 contar con la orden del m\u00e9dico de cabecera que lo autorice a entrega de la documentaci\u00f3n.<\/span><\/div>\n<\/div><\/div>\n\n\n\n<div class=\"wp-block-buttons is-horizontal is-content-justification-center is-layout-flex wp-container-core-buttons-is-layout-499968f5 wp-block-buttons-is-layout-flex\"><\/div>\n\n\n\n<div style=\"height:100px\" aria-hidden=\"true\" class=\"wp-block-spacer\"><\/div>\n","protected":false},"excerpt":{"rendered":"<p>Si necesit\u00e1s una copia de tu Historia Cl\u00ednica, ahora el proceso es m\u00e1s simple: Solo tiene que enviar un correo electr\u00f3nico a:contacto@sanatoriosanjorge.com.ar En el correo, incluya: Consideraciones importantes<\/p>\n","protected":false},"author":1,"featured_media":0,"parent":0,"menu_order":0,"comment_status":"closed","ping_status":"closed","template":"page_no-title.php","meta":{"_uag_custom_page_level_css":"","footnotes":""},"class_list":["post-205","page","type-page","status-publish","hentry"],"yoast_head":"<!-- This site is optimized with the Yoast SEO plugin v27.4 - https:\/\/yoast.com\/product\/yoast-seo-wordpress\/ -->\n<title>Solicite su historia cl\u00ednica - Cl\u00ednica San Jorge<\/title>\n<meta name=\"robots\" content=\"index, follow, max-snippet:-1, max-image-preview:large, max-video-preview:-1\" \/>\n<link rel=\"canonical\" href=\"https:\/\/www.sanatoriosanjorge.com.ar\/wordpress\/solicite-su-historia-clinica\/\" \/>\n<meta property=\"og:locale\" content=\"es_ES\" \/>\n<meta property=\"og:type\" content=\"article\" \/>\n<meta property=\"og:title\" content=\"Solicite su historia cl\u00ednica - Cl\u00ednica San Jorge\" \/>\n<meta property=\"og:description\" content=\"Si necesit\u00e1s una copia de tu Historia Cl\u00ednica, ahora el proceso es m\u00e1s simple: Solo tiene que enviar un correo electr\u00f3nico a:contacto@sanatoriosanjorge.com.ar En el correo, incluya: Consideraciones importantes\" \/>\n<meta property=\"og:url\" content=\"https:\/\/www.sanatoriosanjorge.com.ar\/wordpress\/solicite-su-historia-clinica\/\" \/>\n<meta property=\"og:site_name\" content=\"Cl\u00ednica San Jorge\" \/>\n<meta property=\"article:publisher\" content=\"https:\/\/www.facebook.com\/clinica.sanjorge\" \/>\n<meta property=\"article:modified_time\" content=\"2025-05-29T14:48:10+00:00\" \/>\n<meta property=\"og:image\" content=\"https:\/\/www.sanatoriosanjorge.com.ar\/wordpress\/wp-content\/uploads\/2021\/12\/medical-physician-doctor-man-scaled-1.jpeg\" \/>\n<meta name=\"twitter:card\" content=\"summary_large_image\" \/>\n<meta name=\"twitter:label1\" content=\"Tiempo de lectura\" \/>\n\t<meta name=\"twitter:data1\" content=\"1 minuto\" \/>\n<script type=\"application\/ld+json\" class=\"yoast-schema-graph\">{\"@context\":\"https:\\\/\\\/schema.org\",\"@graph\":[{\"@type\":\"WebPage\",\"@id\":\"https:\\\/\\\/www.sanatoriosanjorge.com.ar\\\/wordpress\\\/solicite-su-historia-clinica\\\/\",\"url\":\"https:\\\/\\\/www.sanatoriosanjorge.com.ar\\\/wordpress\\\/solicite-su-historia-clinica\\\/\",\"name\":\"Solicite su historia cl\u00ednica - Cl\u00ednica San Jorge\",\"isPartOf\":{\"@id\":\"https:\\\/\\\/www.sanatoriosanjorge.com.ar\\\/wordpress\\\/#website\"},\"primaryImageOfPage\":{\"@id\":\"https:\\\/\\\/www.sanatoriosanjorge.com.ar\\\/wordpress\\\/solicite-su-historia-clinica\\\/#primaryimage\"},\"image\":{\"@id\":\"https:\\\/\\\/www.sanatoriosanjorge.com.ar\\\/wordpress\\\/solicite-su-historia-clinica\\\/#primaryimage\"},\"thumbnailUrl\":\"https:\\\/\\\/www.sanatoriosanjorge.com.ar\\\/wordpress\\\/wp-content\\\/uploads\\\/2021\\\/12\\\/medical-physician-doctor-man-scaled-1.jpeg\",\"datePublished\":\"2021-12-09T13:40:58+00:00\",\"dateModified\":\"2025-05-29T14:48:10+00:00\",\"breadcrumb\":{\"@id\":\"https:\\\/\\\/www.sanatoriosanjorge.com.ar\\\/wordpress\\\/solicite-su-historia-clinica\\\/#breadcrumb\"},\"inLanguage\":\"es-AR\",\"potentialAction\":[{\"@type\":\"ReadAction\",\"target\":[\"https:\\\/\\\/www.sanatoriosanjorge.com.ar\\\/wordpress\\\/solicite-su-historia-clinica\\\/\"]}]},{\"@type\":\"ImageObject\",\"inLanguage\":\"es-AR\",\"@id\":\"https:\\\/\\\/www.sanatoriosanjorge.com.ar\\\/wordpress\\\/solicite-su-historia-clinica\\\/#primaryimage\",\"url\":\"https:\\\/\\\/i0.wp.com\\\/www.sanatoriosanjorge.com.ar\\\/wordpress\\\/wp-content\\\/uploads\\\/2021\\\/12\\\/medical-physician-doctor-man-scaled-1.jpeg?fit=2560%2C1707&ssl=1\",\"contentUrl\":\"https:\\\/\\\/i0.wp.com\\\/www.sanatoriosanjorge.com.ar\\\/wordpress\\\/wp-content\\\/uploads\\\/2021\\\/12\\\/medical-physician-doctor-man-scaled-1.jpeg?fit=2560%2C1707&ssl=1\",\"width\":2560,\"height\":1707,\"caption\":\"Medical physician doctor man over white background. Medicine and health care concept\"},{\"@type\":\"BreadcrumbList\",\"@id\":\"https:\\\/\\\/www.sanatoriosanjorge.com.ar\\\/wordpress\\\/solicite-su-historia-clinica\\\/#breadcrumb\",\"itemListElement\":[{\"@type\":\"ListItem\",\"position\":1,\"name\":\"Inicio\",\"item\":\"https:\\\/\\\/www.sanatoriosanjorge.com.ar\\\/wordpress\\\/\"},{\"@type\":\"ListItem\",\"position\":2,\"name\":\"Solicite su historia cl\u00ednica\"}]},{\"@type\":\"WebSite\",\"@id\":\"https:\\\/\\\/www.sanatoriosanjorge.com.ar\\\/wordpress\\\/#website\",\"url\":\"https:\\\/\\\/www.sanatoriosanjorge.com.ar\\\/wordpress\\\/\",\"name\":\"Cl\u00ednica San Jorge\",\"description\":\"Sitio oficial de la Cl\u00ednica San Jorge\",\"publisher\":{\"@id\":\"https:\\\/\\\/www.sanatoriosanjorge.com.ar\\\/wordpress\\\/#organization\"},\"potentialAction\":[{\"@type\":\"SearchAction\",\"target\":{\"@type\":\"EntryPoint\",\"urlTemplate\":\"https:\\\/\\\/www.sanatoriosanjorge.com.ar\\\/wordpress\\\/?s={search_term_string}\"},\"query-input\":{\"@type\":\"PropertyValueSpecification\",\"valueRequired\":true,\"valueName\":\"search_term_string\"}}],\"inLanguage\":\"es-AR\"},{\"@type\":\"Organization\",\"@id\":\"https:\\\/\\\/www.sanatoriosanjorge.com.ar\\\/wordpress\\\/#organization\",\"name\":\"Cl\u00ednica San Jorge\",\"url\":\"https:\\\/\\\/www.sanatoriosanjorge.com.ar\\\/wordpress\\\/\",\"logo\":{\"@type\":\"ImageObject\",\"inLanguage\":\"es-AR\",\"@id\":\"https:\\\/\\\/www.sanatoriosanjorge.com.ar\\\/wordpress\\\/#\\\/schema\\\/logo\\\/image\\\/\",\"url\":\"https:\\\/\\\/www.sanatoriosanjorge.com.ar\\\/wordpress\\\/wp-content\\\/uploads\\\/2023\\\/03\\\/csj-logo-color.svg\",\"contentUrl\":\"https:\\\/\\\/www.sanatoriosanjorge.com.ar\\\/wordpress\\\/wp-content\\\/uploads\\\/2023\\\/03\\\/csj-logo-color.svg\",\"width\":1,\"height\":1,\"caption\":\"Cl\u00ednica San Jorge\"},\"image\":{\"@id\":\"https:\\\/\\\/www.sanatoriosanjorge.com.ar\\\/wordpress\\\/#\\\/schema\\\/logo\\\/image\\\/\"},\"sameAs\":[\"https:\\\/\\\/www.facebook.com\\\/clinica.sanjorge\"]}]}<\/script>\n<!-- \/ Yoast SEO plugin. -->","yoast_head_json":{"title":"Solicite su historia cl\u00ednica - Cl\u00ednica San Jorge","robots":{"index":"index","follow":"follow","max-snippet":"max-snippet:-1","max-image-preview":"max-image-preview:large","max-video-preview":"max-video-preview:-1"},"canonical":"https:\/\/www.sanatoriosanjorge.com.ar\/wordpress\/solicite-su-historia-clinica\/","og_locale":"es_ES","og_type":"article","og_title":"Solicite su historia cl\u00ednica - Cl\u00ednica San Jorge","og_description":"Si necesit\u00e1s una copia de tu Historia Cl\u00ednica, ahora el proceso es m\u00e1s simple: Solo tiene que enviar un correo electr\u00f3nico a:contacto@sanatoriosanjorge.com.ar En el correo, incluya: Consideraciones importantes","og_url":"https:\/\/www.sanatoriosanjorge.com.ar\/wordpress\/solicite-su-historia-clinica\/","og_site_name":"Cl\u00ednica San Jorge","article_publisher":"https:\/\/www.facebook.com\/clinica.sanjorge","article_modified_time":"2025-05-29T14:48:10+00:00","og_image":[{"url":"https:\/\/www.sanatoriosanjorge.com.ar\/wordpress\/wp-content\/uploads\/2021\/12\/medical-physician-doctor-man-scaled-1.jpeg","type":"","width":"","height":""}],"twitter_card":"summary_large_image","twitter_misc":{"Tiempo de lectura":"1 minuto"},"schema":{"@context":"https:\/\/schema.org","@graph":[{"@type":"WebPage","@id":"https:\/\/www.sanatoriosanjorge.com.ar\/wordpress\/solicite-su-historia-clinica\/","url":"https:\/\/www.sanatoriosanjorge.com.ar\/wordpress\/solicite-su-historia-clinica\/","name":"Solicite su historia cl\u00ednica - Cl\u00ednica San Jorge","isPartOf":{"@id":"https:\/\/www.sanatoriosanjorge.com.ar\/wordpress\/#website"},"primaryImageOfPage":{"@id":"https:\/\/www.sanatoriosanjorge.com.ar\/wordpress\/solicite-su-historia-clinica\/#primaryimage"},"image":{"@id":"https:\/\/www.sanatoriosanjorge.com.ar\/wordpress\/solicite-su-historia-clinica\/#primaryimage"},"thumbnailUrl":"https:\/\/www.sanatoriosanjorge.com.ar\/wordpress\/wp-content\/uploads\/2021\/12\/medical-physician-doctor-man-scaled-1.jpeg","datePublished":"2021-12-09T13:40:58+00:00","dateModified":"2025-05-29T14:48:10+00:00","breadcrumb":{"@id":"https:\/\/www.sanatoriosanjorge.com.ar\/wordpress\/solicite-su-historia-clinica\/#breadcrumb"},"inLanguage":"es-AR","potentialAction":[{"@type":"ReadAction","target":["https:\/\/www.sanatoriosanjorge.com.ar\/wordpress\/solicite-su-historia-clinica\/"]}]},{"@type":"ImageObject","inLanguage":"es-AR","@id":"https:\/\/www.sanatoriosanjorge.com.ar\/wordpress\/solicite-su-historia-clinica\/#primaryimage","url":"https:\/\/i0.wp.com\/www.sanatoriosanjorge.com.ar\/wordpress\/wp-content\/uploads\/2021\/12\/medical-physician-doctor-man-scaled-1.jpeg?fit=2560%2C1707&ssl=1","contentUrl":"https:\/\/i0.wp.com\/www.sanatoriosanjorge.com.ar\/wordpress\/wp-content\/uploads\/2021\/12\/medical-physician-doctor-man-scaled-1.jpeg?fit=2560%2C1707&ssl=1","width":2560,"height":1707,"caption":"Medical physician doctor man over white background. Medicine and health care concept"},{"@type":"BreadcrumbList","@id":"https:\/\/www.sanatoriosanjorge.com.ar\/wordpress\/solicite-su-historia-clinica\/#breadcrumb","itemListElement":[{"@type":"ListItem","position":1,"name":"Inicio","item":"https:\/\/www.sanatoriosanjorge.com.ar\/wordpress\/"},{"@type":"ListItem","position":2,"name":"Solicite su historia cl\u00ednica"}]},{"@type":"WebSite","@id":"https:\/\/www.sanatoriosanjorge.com.ar\/wordpress\/#website","url":"https:\/\/www.sanatoriosanjorge.com.ar\/wordpress\/","name":"Cl\u00ednica San Jorge","description":"Sitio oficial de la Cl\u00ednica San Jorge","publisher":{"@id":"https:\/\/www.sanatoriosanjorge.com.ar\/wordpress\/#organization"},"potentialAction":[{"@type":"SearchAction","target":{"@type":"EntryPoint","urlTemplate":"https:\/\/www.sanatoriosanjorge.com.ar\/wordpress\/?s={search_term_string}"},"query-input":{"@type":"PropertyValueSpecification","valueRequired":true,"valueName":"search_term_string"}}],"inLanguage":"es-AR"},{"@type":"Organization","@id":"https:\/\/www.sanatoriosanjorge.com.ar\/wordpress\/#organization","name":"Cl\u00ednica San Jorge","url":"https:\/\/www.sanatoriosanjorge.com.ar\/wordpress\/","logo":{"@type":"ImageObject","inLanguage":"es-AR","@id":"https:\/\/www.sanatoriosanjorge.com.ar\/wordpress\/#\/schema\/logo\/image\/","url":"https:\/\/www.sanatoriosanjorge.com.ar\/wordpress\/wp-content\/uploads\/2023\/03\/csj-logo-color.svg","contentUrl":"https:\/\/www.sanatoriosanjorge.com.ar\/wordpress\/wp-content\/uploads\/2023\/03\/csj-logo-color.svg","width":1,"height":1,"caption":"Cl\u00ednica San Jorge"},"image":{"@id":"https:\/\/www.sanatoriosanjorge.com.ar\/wordpress\/#\/schema\/logo\/image\/"},"sameAs":["https:\/\/www.facebook.com\/clinica.sanjorge"]}]}},"uagb_featured_image_src":{"full":false,"thumbnail":false,"medium":false,"medium_large":false,"large":false,"1536x1536":false,"2048x2048":false},"uagb_author_info":{"display_name":"panalsoft","author_link":"https:\/\/www.sanatoriosanjorge.com.ar\/wordpress\/author\/panalsoft\/"},"uagb_comment_info":0,"uagb_excerpt":"Si necesit\u00e1s una copia de tu Historia Cl\u00ednica, ahora el proceso es m\u00e1s simple: Solo tiene que enviar un correo electr\u00f3nico a:contacto@sanatoriosanjorge.com.ar En el correo, incluya: Consideraciones importantes","jetpack-related-posts":[{"id":381,"url":"https:\/\/www.sanatoriosanjorge.com.ar\/wordpress\/home\/","url_meta":{"origin":205,"position":0},"title":"Home","author":"panalsoft","date":"14 diciembre, 2021","format":false,"excerpt":"Solicit\u00e1 un turno Ped\u00ed tu historia cl\u00ednica Resultados de laboratorio Gu\u00eda para internaciones Estudios programados Staff m\u00e9dico Conoc\u00e9 a nuestro equipo de profesionales En el \u00e1rea m\u00e9dica ejercen profesionales de destacada trayectoria en el \u00e1mbito local, que realizan capacitaciones y actualizaciones acad\u00e9micas permanentemente. Adem\u00e1s, Cl\u00ednica San Jorge cuenta con un\u2026","rel":"","context":"Entrada similar ","block_context":{"text":"Entrada similar ","link":""},"img":{"alt_text":"","src":"https:\/\/i0.wp.com\/www.sanatoriosanjorge.com.ar\/wordpress\/wp-content\/uploads\/2021\/12\/DSC_0065-scaled-1.jpg?resize=350%2C200&ssl=1","width":350,"height":200,"srcset":"https:\/\/i0.wp.com\/www.sanatoriosanjorge.com.ar\/wordpress\/wp-content\/uploads\/2021\/12\/DSC_0065-scaled-1.jpg?resize=350%2C200&ssl=1 1x, https:\/\/i0.wp.com\/www.sanatoriosanjorge.com.ar\/wordpress\/wp-content\/uploads\/2021\/12\/DSC_0065-scaled-1.jpg?resize=525%2C300&ssl=1 1.5x, https:\/\/i0.wp.com\/www.sanatoriosanjorge.com.ar\/wordpress\/wp-content\/uploads\/2021\/12\/DSC_0065-scaled-1.jpg?resize=700%2C400&ssl=1 2x, https:\/\/i0.wp.com\/www.sanatoriosanjorge.com.ar\/wordpress\/wp-content\/uploads\/2021\/12\/DSC_0065-scaled-1.jpg?resize=1050%2C600&ssl=1 3x, https:\/\/i0.wp.com\/www.sanatoriosanjorge.com.ar\/wordpress\/wp-content\/uploads\/2021\/12\/DSC_0065-scaled-1.jpg?resize=1400%2C800&ssl=1 4x"},"classes":[]},{"id":200,"url":"https:\/\/www.sanatoriosanjorge.com.ar\/wordpress\/solicite-su-turno\/","url_meta":{"origin":205,"position":1},"title":"Solicite su turno","author":"panalsoft","date":"9 diciembre, 2021","format":false,"excerpt":"Turnos por Whatsapp En Cl\u00ednica San Jorge, el nuevo sistema de atenci\u00f3n virtual nos permite dar una respuesta m\u00e1s veloz y eficaz a las consultas de nuestros pacientes. El sistema combina respuestas autom\u00e1ticas con atenci\u00f3n personalizada. Al ponerte en contacto con nosotros, las primeras respuestas que vas a recibir ser\u00e1n\u2026","rel":"","context":"Entrada similar ","block_context":{"text":"Entrada similar ","link":""},"img":{"alt_text":"","src":"","width":0,"height":0},"classes":[]},{"id":1107,"url":"https:\/\/www.sanatoriosanjorge.com.ar\/wordpress\/obras-sociales-sancor\/","url_meta":{"origin":205,"position":2},"title":"Obras Sociales | SANCOR","author":"Andr\u00e9s Tebar","date":"17 octubre, 2025","format":false,"excerpt":"Bienvenidos, afiliados de SANCOR En Cl\u00ednica San Jorge pod\u00e9s acceder a una atenci\u00f3n de calidad, con especialistas y servicios preparados para acompa\u00f1arte en cada etapa de tu cuidado. \u00a1Sac\u00e1 tu turno online!","rel":"","context":"Entrada similar ","block_context":{"text":"Entrada similar ","link":""},"img":{"alt_text":"","src":"","width":0,"height":0},"classes":[]},{"id":1095,"url":"https:\/\/www.sanatoriosanjorge.com.ar\/wordpress\/obras-sociales-osde\/","url_meta":{"origin":205,"position":3},"title":"Obras Sociales | OSDE","author":"Andr\u00e9s Tebar","date":"17 octubre, 2025","format":false,"excerpt":"Bienvenidos, afiliados de OSDE En Cl\u00ednica San Jorge pod\u00e9s acceder a una atenci\u00f3n de calidad, con especialistas y servicios preparados para acompa\u00f1arte en cada etapa de tu cuidado. \u00a1Sac\u00e1 tu turno online!","rel":"","context":"Entrada similar ","block_context":{"text":"Entrada similar ","link":""},"img":{"alt_text":"","src":"","width":0,"height":0},"classes":[]},{"id":1118,"url":"https:\/\/www.sanatoriosanjorge.com.ar\/wordpress\/obras-sociales-pami\/","url_meta":{"origin":205,"position":4},"title":"Obras Sociales | PAMI","author":"Andr\u00e9s Tebar","date":"20 octubre, 2025","format":false,"excerpt":"Bienvenidos, afiliados de PAMI En Cl\u00ednica San Jorge pod\u00e9s acceder a una atenci\u00f3n de calidad, con especialistas y servicios preparados para acompa\u00f1arte en cada etapa de tu cuidado. \u00a1Sac\u00e1 tu turno online!","rel":"","context":"Entrada similar ","block_context":{"text":"Entrada similar ","link":""},"img":{"alt_text":"","src":"","width":0,"height":0},"classes":[]},{"id":1124,"url":"https:\/\/www.sanatoriosanjorge.com.ar\/wordpress\/obras-sociales-medife\/","url_meta":{"origin":205,"position":5},"title":"Obras Sociales | MEDIF\u00c9","author":"Andr\u00e9s Tebar","date":"20 octubre, 2025","format":false,"excerpt":"Bienvenidos, afiliados de MEDIF\u00c9 En Cl\u00ednica San Jorge pod\u00e9s acceder a una atenci\u00f3n de calidad, con especialistas y servicios preparados para acompa\u00f1arte en cada etapa de tu cuidado. \u00a1Sac\u00e1 tu turno online!","rel":"","context":"Entrada similar ","block_context":{"text":"Entrada similar ","link":""},"img":{"alt_text":"","src":"","width":0,"height":0},"classes":[]}],"jetpack_sharing_enabled":true,"_links":{"self":[{"href":"https:\/\/www.sanatoriosanjorge.com.ar\/wordpress\/wp-json\/wp\/v2\/pages\/205","targetHints":{"allow":["GET"]}}],"collection":[{"href":"https:\/\/www.sanatoriosanjorge.com.ar\/wordpress\/wp-json\/wp\/v2\/pages"}],"about":[{"href":"https:\/\/www.sanatoriosanjorge.com.ar\/wordpress\/wp-json\/wp\/v2\/types\/page"}],"author":[{"embeddable":true,"href":"https:\/\/www.sanatoriosanjorge.com.ar\/wordpress\/wp-json\/wp\/v2\/users\/1"}],"replies":[{"embeddable":true,"href":"https:\/\/www.sanatoriosanjorge.com.ar\/wordpress\/wp-json\/wp\/v2\/comments?post=205"}],"version-history":[{"count":2,"href":"https:\/\/www.sanatoriosanjorge.com.ar\/wordpress\/wp-json\/wp\/v2\/pages\/205\/revisions"}],"predecessor-version":[{"id":1080,"href":"https:\/\/www.sanatoriosanjorge.com.ar\/wordpress\/wp-json\/wp\/v2\/pages\/205\/revisions\/1080"}],"wp:attachment":[{"href":"https:\/\/www.sanatoriosanjorge.com.ar\/wordpress\/wp-json\/wp\/v2\/media?parent=205"}],"curies":[{"name":"wp","href":"https:\/\/api.w.org\/{rel}","templated":true}]}}