{"id":200,"date":"2021-12-09T13:20:54","date_gmt":"2021-12-09T13:20:54","guid":{"rendered":"https:\/\/clinicasanjorge.panalsoft.com\/?page_id=200"},"modified":"2023-03-15T13:34:03","modified_gmt":"2023-03-15T16:34:03","slug":"solicite-su-turno","status":"publish","type":"page","link":"https:\/\/www.sanatoriosanjorge.com.ar\/wordpress\/solicite-su-turno\/","title":{"rendered":"Solicite su turno"},"content":{"rendered":"\n<div class=\"wp-block-cover alignfull is-light\" style=\"min-height:250px;aspect-ratio:unset;\"><span aria-hidden=\"true\" class=\"wp-block-cover__background has-background-dim\"><\/span><img data-recalc-dims=\"1\" loading=\"lazy\" decoding=\"async\" width=\"2560\" height=\"1707\" class=\"wp-block-cover__image-background wp-image-201\" alt=\"\" src=\"https:\/\/i0.wp.com\/www.sanatoriosanjorge.com.ar\/wordpress\/wp-content\/uploads\/2021\/12\/doctor-crossing-arms-while-holding-stethoscope-in-white-coat-scaled-1.jpeg?resize=2560%2C1707&#038;ssl=1\" data-object-fit=\"cover\"\/><div class=\"wp-block-cover__inner-container is-layout-flow wp-block-cover-is-layout-flow\">\n<p class=\"has-text-align-center has-white-color has-text-color has-huge-font-size\">Turnos por Whatsapp<\/p>\n<\/div><\/div>\n\n\n\n<p>En Cl\u00ednica San Jorge, el nuevo sistema de atenci\u00f3n virtual nos permite dar una respuesta m\u00e1s veloz y eficaz a las consultas de nuestros pacientes. El sistema combina respuestas autom\u00e1ticas con atenci\u00f3n personalizada.<\/p>\n\n\n\n<p>Al ponerte en contacto con nosotros, las primeras respuestas que vas a recibir ser\u00e1n automatizadas; esto tiene como fin ayudarnos a atenderte mejor ya que simplifica y agiliza el proceso de derivaci\u00f3n de cada paciente al \u00e1rea que corresponde.<\/p>\n\n\n\n<p>Escrib\u00ed a la Mesa de Entradas Virtual por WhatsApp (+54 9 2901 42-2635) y solicit\u00e1 un turno con alguno de nuestros profesionales, laboratorio, diagn\u00f3stico por im\u00e1genes o por cualquier servicio o consulta. Recibir\u00e1s toda la informaci\u00f3n necesaria por parte del personal de la Mesa de Entradas Virtual sobre c\u00f3mo y cu\u00e1ndo podr\u00e1s asistir a la cl\u00ednica.<\/p>\n\n\n\n<div class=\"wp-block-buttons is-horizontal is-content-justification-center is-layout-flex wp-container-core-buttons-is-layout-499968f5 wp-block-buttons-is-layout-flex\">\n<div class=\"wp-block-button data-whatsapp\"><a class=\"wp-block-button__link wp-element-button\" href=\"https:\/\/api.whatsapp.com\/send?phone=5492901422635&amp;text=Hola, quisiera pedir un turno\" target=\"_blank\" rel=\"noreferrer noopener\">Ped\u00ed tu turno tocando aqu\u00ed<\/a><\/div>\n<\/div>\n\n\n\n<p>Ten\u00e9 en cuenta que ese d\u00eda debes ir solo (a menos que tengas alg\u00fan impedimento f\u00edsico para hacerlo) y llevar tapaboca.<\/p>\n\n\n\n<p>Ten\u00e9 en cuenta tambi\u00e9n que, a pesar que se reactivaron los turnos presenciales, lo ideal es mantener el distanciamiento social todo lo posible. Por eso, si tu consulta se puede resolver en forma virtual, te pedimos que lo hagas de ese modo. En ese caso ,nuestro personal te indicar\u00e1 en qu\u00e9 d\u00eda y horario recibir\u00e1s una videollamada del m\u00e9dico para hacer una consulta virtual por WhatsApp.<\/p>\n\n\n\n<p>Y record\u00e1: si no ten\u00e9s que salir, quedate en casa.<\/p>\n\n\n\n<p>Ayudanos a cuidarte.<\/p>\n\n\n\n<div style=\"height:100px\" aria-hidden=\"true\" class=\"wp-block-spacer\"><\/div>\n","protected":false},"excerpt":{"rendered":"<p>En Cl\u00ednica San Jorge, el nuevo sistema de atenci\u00f3n virtual nos permite dar una respuesta m\u00e1s veloz y eficaz a las consultas de nuestros pacientes. El sistema combina respuestas autom\u00e1ticas con atenci\u00f3n personalizada. Al ponerte en contacto con nosotros, las primeras respuestas que vas a recibir ser\u00e1n automatizadas; esto tiene como fin ayudarnos a atenderte [&hellip;]<\/p>\n","protected":false},"author":1,"featured_media":0,"parent":0,"menu_order":0,"comment_status":"closed","ping_status":"closed","template":"page_no-title.php","meta":{"_uag_custom_page_level_css":"","footnotes":""},"class_list":["post-200","page","type-page","status-publish","hentry"],"yoast_head":"<!-- This site is optimized with the Yoast SEO plugin v27.5 - https:\/\/yoast.com\/product\/yoast-seo-wordpress\/ -->\n<title>Solicite su turno - Cl\u00ednica San Jorge<\/title>\n<meta name=\"robots\" content=\"index, follow, max-snippet:-1, max-image-preview:large, max-video-preview:-1\" \/>\n<link rel=\"canonical\" href=\"https:\/\/www.sanatoriosanjorge.com.ar\/wordpress\/solicite-su-turno\/\" \/>\n<meta property=\"og:locale\" content=\"es_ES\" \/>\n<meta property=\"og:type\" content=\"article\" \/>\n<meta property=\"og:title\" content=\"Solicite su turno - Cl\u00ednica San Jorge\" \/>\n<meta property=\"og:description\" content=\"En Cl\u00ednica San Jorge, el nuevo sistema de atenci\u00f3n virtual nos permite dar una respuesta m\u00e1s veloz y eficaz a las consultas de nuestros pacientes. El sistema combina respuestas autom\u00e1ticas con atenci\u00f3n personalizada. Al ponerte en contacto con nosotros, las primeras respuestas que vas a recibir ser\u00e1n automatizadas; esto tiene como fin ayudarnos a atenderte [&hellip;]\" \/>\n<meta property=\"og:url\" content=\"https:\/\/www.sanatoriosanjorge.com.ar\/wordpress\/solicite-su-turno\/\" \/>\n<meta property=\"og:site_name\" content=\"Cl\u00ednica San Jorge\" \/>\n<meta property=\"article:publisher\" content=\"https:\/\/www.facebook.com\/clinica.sanjorge\" \/>\n<meta property=\"article:modified_time\" content=\"2023-03-15T16:34:03+00:00\" \/>\n<meta property=\"og:image\" content=\"http:\/\/200.5.125.147:58080\/wordpress\/wp-content\/uploads\/2021\/12\/doctor-crossing-arms-while-holding-stethoscope-in-white-coat-scaled-1.jpeg\" \/>\n<meta name=\"twitter:card\" content=\"summary_large_image\" \/>\n<meta name=\"twitter:label1\" content=\"Tiempo de lectura\" \/>\n\t<meta name=\"twitter:data1\" content=\"2 minutos\" \/>\n<script type=\"application\/ld+json\" class=\"yoast-schema-graph\">{\"@context\":\"https:\\\/\\\/schema.org\",\"@graph\":[{\"@type\":\"WebPage\",\"@id\":\"https:\\\/\\\/www.sanatoriosanjorge.com.ar\\\/wordpress\\\/solicite-su-turno\\\/\",\"url\":\"https:\\\/\\\/www.sanatoriosanjorge.com.ar\\\/wordpress\\\/solicite-su-turno\\\/\",\"name\":\"Solicite su turno - Cl\u00ednica San Jorge\",\"isPartOf\":{\"@id\":\"https:\\\/\\\/www.sanatoriosanjorge.com.ar\\\/wordpress\\\/#website\"},\"primaryImageOfPage\":{\"@id\":\"https:\\\/\\\/www.sanatoriosanjorge.com.ar\\\/wordpress\\\/solicite-su-turno\\\/#primaryimage\"},\"image\":{\"@id\":\"https:\\\/\\\/www.sanatoriosanjorge.com.ar\\\/wordpress\\\/solicite-su-turno\\\/#primaryimage\"},\"thumbnailUrl\":\"https:\\\/\\\/www.sanatoriosanjorge.com.ar\\\/wordpress\\\/wp-content\\\/uploads\\\/2021\\\/12\\\/doctor-crossing-arms-while-holding-stethoscope-in-white-coat-scaled-1.jpeg\",\"datePublished\":\"2021-12-09T13:20:54+00:00\",\"dateModified\":\"2023-03-15T16:34:03+00:00\",\"breadcrumb\":{\"@id\":\"https:\\\/\\\/www.sanatoriosanjorge.com.ar\\\/wordpress\\\/solicite-su-turno\\\/#breadcrumb\"},\"inLanguage\":\"es-AR\",\"potentialAction\":[{\"@type\":\"ReadAction\",\"target\":[\"https:\\\/\\\/www.sanatoriosanjorge.com.ar\\\/wordpress\\\/solicite-su-turno\\\/\"]}]},{\"@type\":\"ImageObject\",\"inLanguage\":\"es-AR\",\"@id\":\"https:\\\/\\\/www.sanatoriosanjorge.com.ar\\\/wordpress\\\/solicite-su-turno\\\/#primaryimage\",\"url\":\"https:\\\/\\\/i0.wp.com\\\/www.sanatoriosanjorge.com.ar\\\/wordpress\\\/wp-content\\\/uploads\\\/2021\\\/12\\\/doctor-crossing-arms-while-holding-stethoscope-in-white-coat-scaled-1.jpeg?fit=2560%2C1707&ssl=1\",\"contentUrl\":\"https:\\\/\\\/i0.wp.com\\\/www.sanatoriosanjorge.com.ar\\\/wordpress\\\/wp-content\\\/uploads\\\/2021\\\/12\\\/doctor-crossing-arms-while-holding-stethoscope-in-white-coat-scaled-1.jpeg?fit=2560%2C1707&ssl=1\",\"width\":2560,\"height\":1707,\"caption\":\"Doctor crossing arms while holding stethoscope in white coat front view.\"},{\"@type\":\"BreadcrumbList\",\"@id\":\"https:\\\/\\\/www.sanatoriosanjorge.com.ar\\\/wordpress\\\/solicite-su-turno\\\/#breadcrumb\",\"itemListElement\":[{\"@type\":\"ListItem\",\"position\":1,\"name\":\"Inicio\",\"item\":\"https:\\\/\\\/www.sanatoriosanjorge.com.ar\\\/wordpress\\\/\"},{\"@type\":\"ListItem\",\"position\":2,\"name\":\"Solicite su turno\"}]},{\"@type\":\"WebSite\",\"@id\":\"https:\\\/\\\/www.sanatoriosanjorge.com.ar\\\/wordpress\\\/#website\",\"url\":\"https:\\\/\\\/www.sanatoriosanjorge.com.ar\\\/wordpress\\\/\",\"name\":\"Cl\u00ednica San Jorge\",\"description\":\"Sitio oficial de la Cl\u00ednica San Jorge\",\"publisher\":{\"@id\":\"https:\\\/\\\/www.sanatoriosanjorge.com.ar\\\/wordpress\\\/#organization\"},\"potentialAction\":[{\"@type\":\"SearchAction\",\"target\":{\"@type\":\"EntryPoint\",\"urlTemplate\":\"https:\\\/\\\/www.sanatoriosanjorge.com.ar\\\/wordpress\\\/?s={search_term_string}\"},\"query-input\":{\"@type\":\"PropertyValueSpecification\",\"valueRequired\":true,\"valueName\":\"search_term_string\"}}],\"inLanguage\":\"es-AR\"},{\"@type\":\"Organization\",\"@id\":\"https:\\\/\\\/www.sanatoriosanjorge.com.ar\\\/wordpress\\\/#organization\",\"name\":\"Cl\u00ednica San Jorge\",\"url\":\"https:\\\/\\\/www.sanatoriosanjorge.com.ar\\\/wordpress\\\/\",\"logo\":{\"@type\":\"ImageObject\",\"inLanguage\":\"es-AR\",\"@id\":\"https:\\\/\\\/www.sanatoriosanjorge.com.ar\\\/wordpress\\\/#\\\/schema\\\/logo\\\/image\\\/\",\"url\":\"https:\\\/\\\/www.sanatoriosanjorge.com.ar\\\/wordpress\\\/wp-content\\\/uploads\\\/2023\\\/03\\\/csj-logo-color.svg\",\"contentUrl\":\"https:\\\/\\\/www.sanatoriosanjorge.com.ar\\\/wordpress\\\/wp-content\\\/uploads\\\/2023\\\/03\\\/csj-logo-color.svg\",\"width\":1,\"height\":1,\"caption\":\"Cl\u00ednica San Jorge\"},\"image\":{\"@id\":\"https:\\\/\\\/www.sanatoriosanjorge.com.ar\\\/wordpress\\\/#\\\/schema\\\/logo\\\/image\\\/\"},\"sameAs\":[\"https:\\\/\\\/www.facebook.com\\\/clinica.sanjorge\"]}]}<\/script>\n<!-- \/ Yoast SEO plugin. -->","yoast_head_json":{"title":"Solicite su turno - Cl\u00ednica San Jorge","robots":{"index":"index","follow":"follow","max-snippet":"max-snippet:-1","max-image-preview":"max-image-preview:large","max-video-preview":"max-video-preview:-1"},"canonical":"https:\/\/www.sanatoriosanjorge.com.ar\/wordpress\/solicite-su-turno\/","og_locale":"es_ES","og_type":"article","og_title":"Solicite su turno - Cl\u00ednica San Jorge","og_description":"En Cl\u00ednica San Jorge, el nuevo sistema de atenci\u00f3n virtual nos permite dar una respuesta m\u00e1s veloz y eficaz a las consultas de nuestros pacientes. El sistema combina respuestas autom\u00e1ticas con atenci\u00f3n personalizada. Al ponerte en contacto con nosotros, las primeras respuestas que vas a recibir ser\u00e1n automatizadas; esto tiene como fin ayudarnos a atenderte [&hellip;]","og_url":"https:\/\/www.sanatoriosanjorge.com.ar\/wordpress\/solicite-su-turno\/","og_site_name":"Cl\u00ednica San Jorge","article_publisher":"https:\/\/www.facebook.com\/clinica.sanjorge","article_modified_time":"2023-03-15T16:34:03+00:00","og_image":[{"url":"http:\/\/200.5.125.147:58080\/wordpress\/wp-content\/uploads\/2021\/12\/doctor-crossing-arms-while-holding-stethoscope-in-white-coat-scaled-1.jpeg","type":"","width":"","height":""}],"twitter_card":"summary_large_image","twitter_misc":{"Tiempo de lectura":"2 minutos"},"schema":{"@context":"https:\/\/schema.org","@graph":[{"@type":"WebPage","@id":"https:\/\/www.sanatoriosanjorge.com.ar\/wordpress\/solicite-su-turno\/","url":"https:\/\/www.sanatoriosanjorge.com.ar\/wordpress\/solicite-su-turno\/","name":"Solicite su turno - Cl\u00ednica San Jorge","isPartOf":{"@id":"https:\/\/www.sanatoriosanjorge.com.ar\/wordpress\/#website"},"primaryImageOfPage":{"@id":"https:\/\/www.sanatoriosanjorge.com.ar\/wordpress\/solicite-su-turno\/#primaryimage"},"image":{"@id":"https:\/\/www.sanatoriosanjorge.com.ar\/wordpress\/solicite-su-turno\/#primaryimage"},"thumbnailUrl":"https:\/\/www.sanatoriosanjorge.com.ar\/wordpress\/wp-content\/uploads\/2021\/12\/doctor-crossing-arms-while-holding-stethoscope-in-white-coat-scaled-1.jpeg","datePublished":"2021-12-09T13:20:54+00:00","dateModified":"2023-03-15T16:34:03+00:00","breadcrumb":{"@id":"https:\/\/www.sanatoriosanjorge.com.ar\/wordpress\/solicite-su-turno\/#breadcrumb"},"inLanguage":"es-AR","potentialAction":[{"@type":"ReadAction","target":["https:\/\/www.sanatoriosanjorge.com.ar\/wordpress\/solicite-su-turno\/"]}]},{"@type":"ImageObject","inLanguage":"es-AR","@id":"https:\/\/www.sanatoriosanjorge.com.ar\/wordpress\/solicite-su-turno\/#primaryimage","url":"https:\/\/i0.wp.com\/www.sanatoriosanjorge.com.ar\/wordpress\/wp-content\/uploads\/2021\/12\/doctor-crossing-arms-while-holding-stethoscope-in-white-coat-scaled-1.jpeg?fit=2560%2C1707&ssl=1","contentUrl":"https:\/\/i0.wp.com\/www.sanatoriosanjorge.com.ar\/wordpress\/wp-content\/uploads\/2021\/12\/doctor-crossing-arms-while-holding-stethoscope-in-white-coat-scaled-1.jpeg?fit=2560%2C1707&ssl=1","width":2560,"height":1707,"caption":"Doctor crossing arms while holding stethoscope in white coat front view."},{"@type":"BreadcrumbList","@id":"https:\/\/www.sanatoriosanjorge.com.ar\/wordpress\/solicite-su-turno\/#breadcrumb","itemListElement":[{"@type":"ListItem","position":1,"name":"Inicio","item":"https:\/\/www.sanatoriosanjorge.com.ar\/wordpress\/"},{"@type":"ListItem","position":2,"name":"Solicite su turno"}]},{"@type":"WebSite","@id":"https:\/\/www.sanatoriosanjorge.com.ar\/wordpress\/#website","url":"https:\/\/www.sanatoriosanjorge.com.ar\/wordpress\/","name":"Cl\u00ednica San Jorge","description":"Sitio oficial de la Cl\u00ednica San Jorge","publisher":{"@id":"https:\/\/www.sanatoriosanjorge.com.ar\/wordpress\/#organization"},"potentialAction":[{"@type":"SearchAction","target":{"@type":"EntryPoint","urlTemplate":"https:\/\/www.sanatoriosanjorge.com.ar\/wordpress\/?s={search_term_string}"},"query-input":{"@type":"PropertyValueSpecification","valueRequired":true,"valueName":"search_term_string"}}],"inLanguage":"es-AR"},{"@type":"Organization","@id":"https:\/\/www.sanatoriosanjorge.com.ar\/wordpress\/#organization","name":"Cl\u00ednica San Jorge","url":"https:\/\/www.sanatoriosanjorge.com.ar\/wordpress\/","logo":{"@type":"ImageObject","inLanguage":"es-AR","@id":"https:\/\/www.sanatoriosanjorge.com.ar\/wordpress\/#\/schema\/logo\/image\/","url":"https:\/\/www.sanatoriosanjorge.com.ar\/wordpress\/wp-content\/uploads\/2023\/03\/csj-logo-color.svg","contentUrl":"https:\/\/www.sanatoriosanjorge.com.ar\/wordpress\/wp-content\/uploads\/2023\/03\/csj-logo-color.svg","width":1,"height":1,"caption":"Cl\u00ednica San Jorge"},"image":{"@id":"https:\/\/www.sanatoriosanjorge.com.ar\/wordpress\/#\/schema\/logo\/image\/"},"sameAs":["https:\/\/www.facebook.com\/clinica.sanjorge"]}]}},"uagb_featured_image_src":{"full":false,"thumbnail":false,"medium":false,"medium_large":false,"large":false,"1536x1536":false,"2048x2048":false},"uagb_author_info":{"display_name":"panalsoft","author_link":"https:\/\/www.sanatoriosanjorge.com.ar\/wordpress\/author\/panalsoft\/"},"uagb_comment_info":0,"uagb_excerpt":"En Cl\u00ednica San Jorge, el nuevo sistema de atenci\u00f3n virtual nos permite dar una respuesta m\u00e1s veloz y eficaz a las consultas de nuestros pacientes. El sistema combina respuestas autom\u00e1ticas con atenci\u00f3n personalizada. Al ponerte en contacto con nosotros, las primeras respuestas que vas a recibir ser\u00e1n automatizadas; esto tiene como fin ayudarnos a atenderte&hellip;","jetpack-related-posts":[{"id":381,"url":"https:\/\/www.sanatoriosanjorge.com.ar\/wordpress\/home\/","url_meta":{"origin":200,"position":0},"title":"Home","author":"panalsoft","date":"14 diciembre, 2021","format":false,"excerpt":"Solicit\u00e1 un turno Ped\u00ed tu historia cl\u00ednica Resultados de laboratorio Gu\u00eda para internaciones Estudios programados Staff m\u00e9dico Conoc\u00e9 a nuestro equipo de profesionales En el \u00e1rea m\u00e9dica ejercen profesionales de destacada trayectoria en el \u00e1mbito local, que realizan capacitaciones y actualizaciones acad\u00e9micas permanentemente. Adem\u00e1s, Cl\u00ednica San Jorge cuenta con un\u2026","rel":"","context":"Entrada similar ","block_context":{"text":"Entrada similar ","link":""},"img":{"alt_text":"","src":"https:\/\/i0.wp.com\/www.sanatoriosanjorge.com.ar\/wordpress\/wp-content\/uploads\/2021\/12\/DSC_0065-scaled-1.jpg?resize=350%2C200&ssl=1","width":350,"height":200,"srcset":"https:\/\/i0.wp.com\/www.sanatoriosanjorge.com.ar\/wordpress\/wp-content\/uploads\/2021\/12\/DSC_0065-scaled-1.jpg?resize=350%2C200&ssl=1 1x, https:\/\/i0.wp.com\/www.sanatoriosanjorge.com.ar\/wordpress\/wp-content\/uploads\/2021\/12\/DSC_0065-scaled-1.jpg?resize=525%2C300&ssl=1 1.5x, https:\/\/i0.wp.com\/www.sanatoriosanjorge.com.ar\/wordpress\/wp-content\/uploads\/2021\/12\/DSC_0065-scaled-1.jpg?resize=700%2C400&ssl=1 2x, https:\/\/i0.wp.com\/www.sanatoriosanjorge.com.ar\/wordpress\/wp-content\/uploads\/2021\/12\/DSC_0065-scaled-1.jpg?resize=1050%2C600&ssl=1 3x, https:\/\/i0.wp.com\/www.sanatoriosanjorge.com.ar\/wordpress\/wp-content\/uploads\/2021\/12\/DSC_0065-scaled-1.jpg?resize=1400%2C800&ssl=1 4x"},"classes":[]},{"id":1107,"url":"https:\/\/www.sanatoriosanjorge.com.ar\/wordpress\/obras-sociales-sancor\/","url_meta":{"origin":200,"position":1},"title":"Obras Sociales | SANCOR","author":"Andr\u00e9s Tebar","date":"17 octubre, 2025","format":false,"excerpt":"Bienvenidos, afiliados de SANCOR En Cl\u00ednica San Jorge pod\u00e9s acceder a una atenci\u00f3n de calidad, con especialistas y servicios preparados para acompa\u00f1arte en cada etapa de tu cuidado. \u00a1Sac\u00e1 tu turno online!","rel":"","context":"Entrada similar ","block_context":{"text":"Entrada similar ","link":""},"img":{"alt_text":"","src":"","width":0,"height":0},"classes":[]},{"id":1095,"url":"https:\/\/www.sanatoriosanjorge.com.ar\/wordpress\/obras-sociales-osde\/","url_meta":{"origin":200,"position":2},"title":"Obras Sociales | OSDE","author":"Andr\u00e9s Tebar","date":"17 octubre, 2025","format":false,"excerpt":"Bienvenidos, afiliados de OSDE En Cl\u00ednica San Jorge pod\u00e9s acceder a una atenci\u00f3n de calidad, con especialistas y servicios preparados para acompa\u00f1arte en cada etapa de tu cuidado. \u00a1Sac\u00e1 tu turno online!","rel":"","context":"Entrada similar ","block_context":{"text":"Entrada similar ","link":""},"img":{"alt_text":"","src":"","width":0,"height":0},"classes":[]},{"id":1118,"url":"https:\/\/www.sanatoriosanjorge.com.ar\/wordpress\/obras-sociales-pami\/","url_meta":{"origin":200,"position":3},"title":"Obras Sociales | PAMI","author":"Andr\u00e9s Tebar","date":"20 octubre, 2025","format":false,"excerpt":"Bienvenidos, afiliados de PAMI En Cl\u00ednica San Jorge pod\u00e9s acceder a una atenci\u00f3n de calidad, con especialistas y servicios preparados para acompa\u00f1arte en cada etapa de tu cuidado. \u00a1Sac\u00e1 tu turno online!","rel":"","context":"Entrada similar ","block_context":{"text":"Entrada similar ","link":""},"img":{"alt_text":"","src":"","width":0,"height":0},"classes":[]},{"id":1124,"url":"https:\/\/www.sanatoriosanjorge.com.ar\/wordpress\/obras-sociales-medife\/","url_meta":{"origin":200,"position":4},"title":"Obras Sociales | MEDIF\u00c9","author":"Andr\u00e9s Tebar","date":"20 octubre, 2025","format":false,"excerpt":"Bienvenidos, afiliados de MEDIF\u00c9 En Cl\u00ednica San Jorge pod\u00e9s acceder a una atenci\u00f3n de calidad, con especialistas y servicios preparados para acompa\u00f1arte en cada etapa de tu cuidado. \u00a1Sac\u00e1 tu turno online!","rel":"","context":"Entrada similar ","block_context":{"text":"Entrada similar ","link":""},"img":{"alt_text":"","src":"","width":0,"height":0},"classes":[]},{"id":1127,"url":"https:\/\/www.sanatoriosanjorge.com.ar\/wordpress\/obras-sociales-osef\/","url_meta":{"origin":200,"position":5},"title":"Obras Sociales | OSEF","author":"Andr\u00e9s Tebar","date":"20 octubre, 2025","format":false,"excerpt":"Bienvenidos, afiliados de OSEF En Cl\u00ednica San Jorge pod\u00e9s acceder a una atenci\u00f3n de calidad, con especialistas y servicios preparados para acompa\u00f1arte en cada etapa de tu cuidado. \u00a1Sac\u00e1 tu turno online!","rel":"","context":"Entrada similar ","block_context":{"text":"Entrada similar ","link":""},"img":{"alt_text":"","src":"","width":0,"height":0},"classes":[]}],"jetpack_sharing_enabled":true,"_links":{"self":[{"href":"https:\/\/www.sanatoriosanjorge.com.ar\/wordpress\/wp-json\/wp\/v2\/pages\/200","targetHints":{"allow":["GET"]}}],"collection":[{"href":"https:\/\/www.sanatoriosanjorge.com.ar\/wordpress\/wp-json\/wp\/v2\/pages"}],"about":[{"href":"https:\/\/www.sanatoriosanjorge.com.ar\/wordpress\/wp-json\/wp\/v2\/types\/page"}],"author":[{"embeddable":true,"href":"https:\/\/www.sanatoriosanjorge.com.ar\/wordpress\/wp-json\/wp\/v2\/users\/1"}],"replies":[{"embeddable":true,"href":"https:\/\/www.sanatoriosanjorge.com.ar\/wordpress\/wp-json\/wp\/v2\/comments?post=200"}],"version-history":[{"count":4,"href":"https:\/\/www.sanatoriosanjorge.com.ar\/wordpress\/wp-json\/wp\/v2\/pages\/200\/revisions"}],"predecessor-version":[{"id":1005,"href":"https:\/\/www.sanatoriosanjorge.com.ar\/wordpress\/wp-json\/wp\/v2\/pages\/200\/revisions\/1005"}],"wp:attachment":[{"href":"https:\/\/www.sanatoriosanjorge.com.ar\/wordpress\/wp-json\/wp\/v2\/media?parent=200"}],"curies":[{"name":"wp","href":"https:\/\/api.w.org\/{rel}","templated":true}]}}